{"id":37312,"date":"2022-05-09T07:34:08","date_gmt":"2022-05-09T07:34:08","guid":{"rendered":"https:\/\/madeira.wprentals.org\/?page_id=37312"},"modified":"2022-05-09T07:34:08","modified_gmt":"2022-05-09T07:34:08","slug":"faq","status":"publish","type":"page","link":"https:\/\/wprentals-clean.luxuryww.com\/?page_id=37312","title":{"rendered":"FAQ"},"content":{"rendered":"\t\t<div data-elementor-type=\"wp-page\" data-elementor-id=\"37312\" class=\"elementor elementor-37312\">\n\t\t\t\t<div class=\"elementor-element elementor-element-176eace e-con-full e-flex e-con e-parent\" data-id=\"176eace\" data-element_type=\"container\" data-e-type=\"container\" data-settings=\"{&quot;background_background&quot;:&quot;classic&quot;}\">\n\t\t<div class=\"elementor-element elementor-element-182ae90 e-con-full e-flex e-con e-child\" data-id=\"182ae90\" data-element_type=\"container\" data-e-type=\"container\" data-settings=\"{&quot;background_background&quot;:&quot;classic&quot;}\">\n\t\t\t\t<div class=\"elementor-element elementor-element-ca38118 elementor-widget elementor-widget-heading\" data-id=\"ca38118\" data-element_type=\"widget\" data-e-type=\"widget\" data-widget_type=\"heading.default\">\n\t\t\t\t\t<p class=\"elementor-heading-title elementor-size-default\">WE CAN ANSWER ALL YOUR QUESTIONS<\/p>\t\t\t\t<\/div>\n\t\t\t\t<div class=\"elementor-element elementor-element-6a68aa0 elementor-widget__width-initial elementor-widget elementor-widget-heading\" data-id=\"6a68aa0\" data-element_type=\"widget\" data-e-type=\"widget\" data-widget_type=\"heading.default\">\n\t\t\t\t\t<h2 class=\"elementor-heading-title elementor-size-default\">Frequently Asked Questions<\/h2>\t\t\t\t<\/div>\n\t\t\t\t<\/div>\n\t\t\t\t<\/div>\n\t\t<div class=\"elementor-element elementor-element-f39acfc e-flex e-con-boxed e-con e-parent\" data-id=\"f39acfc\" data-element_type=\"container\" data-e-type=\"container\" data-settings=\"{&quot;background_background&quot;:&quot;classic&quot;}\">\n\t\t\t\t\t<div class=\"e-con-inner\">\n\t\t<div class=\"elementor-element elementor-element-3d895d5 e-con-full e-flex e-con e-child\" data-id=\"3d895d5\" data-element_type=\"container\" data-e-type=\"container\">\n\t\t\t\t<div class=\"elementor-element elementor-element-96938a1 elementor-widget elementor-widget-image\" data-id=\"96938a1\" data-element_type=\"widget\" data-e-type=\"widget\" data-widget_type=\"image.default\">\n\t\t\t\t\t\t\t\t\t\t\t\t\t\t\t<img decoding=\"async\" src=\"https:\/\/new.luxuryworldwide.co\/wp-content\/uploads\/2025\/01\/Profile-Photo-001-011-1.png\" title=\"\" alt=\"villa rentals\" loading=\"lazy\" \/>\t\t\t\t\t\t\t\t\t\t\t\t\t\t\t<\/div>\n\t\t\t\t<div class=\"elementor-element elementor-element-9b8f14a elementor-widget__width-inherit elementor-widget-mobile__width-inherit elementor-widget elementor-widget-heading\" data-id=\"9b8f14a\" data-element_type=\"widget\" data-e-type=\"widget\" data-widget_type=\"heading.default\">\n\t\t\t\t\t<h3 class=\"elementor-heading-title elementor-size-default\">NEED SOME HELP OR<br>\nWANT TO CHAT?<\/h3>\t\t\t\t<\/div>\n\t\t\t\t<div class=\"elementor-element elementor-element-37cd888 elementor-widget__width-inherit elementor-widget-mobile__width-inherit elementor-widget elementor-widget-heading\" data-id=\"37cd888\" data-element_type=\"widget\" data-e-type=\"widget\" data-widget_type=\"heading.default\">\n\t\t\t\t\t<p class=\"elementor-heading-title elementor-size-default\">info@luxuryww.com<br>\n+1 (505) 800-4122<\/p>\t\t\t\t<\/div>\n\t\t\t\t<div class=\"elementor-element elementor-element-ce0ee64 elementor-widget__width-inherit elementor-widget-mobile__width-inherit elementor-widget elementor-widget-heading\" data-id=\"ce0ee64\" data-element_type=\"widget\" data-e-type=\"widget\" data-widget_type=\"heading.default\">\n\t\t\t\t\t<h3 class=\"elementor-heading-title elementor-size-default\">OUR LISTINGS<\/h3>\t\t\t\t<\/div>\n\t\t\t\t<div class=\"elementor-element elementor-element-92e6ba5 elementor-widget elementor-widget-Wprentals_Simple_Term_list\" data-id=\"92e6ba5\" data-element_type=\"widget\" data-e-type=\"widget\" data-widget_type=\"Wprentals_Simple_Term_list.default\">\n\t\t\t\t<div class=\"elementor-widget-container\">\n\t\t\t\t\t<ul class=\"wpestate_term_list type_vertical\"><li><a href=\"https:\/\/wprentals-clean.luxuryww.com\/?property_city=alto-paraiso-go\">Alto Para\u00edso - GO<\/a><\/li><li><a href=\"https:\/\/wprentals-clean.luxuryww.com\/?property_city=angra-dos-reis\">Angra dos Reis<\/a><\/li><li><a href=\"https:\/\/wprentals-clean.luxuryww.com\/?property_city=angra-dos-reis-rj\">Angra dos Reis - RJ<\/a><\/li><li><a href=\"https:\/\/wprentals-clean.luxuryww.com\/?property_city=armacao-dos-buzios\">Arma\u00e7\u00e3o dos B\u00fazios<\/a><\/li><li><a href=\"https:\/\/wprentals-clean.luxuryww.com\/?property_city=arraial-dajuda-ba\">Arraial d'Ajuda - BA<\/a><\/li><li><a href=\"https:\/\/wprentals-clean.luxuryww.com\/?property_city=barra-de-sao-miguel-al\">Barra de S\u00e3o Miguel- AL<\/a><\/li><li><a href=\"https:\/\/wprentals-clean.luxuryww.com\/?property_city=barrinhas-ce\">Barrinhas - CE<\/a><\/li><li><a href=\"https:\/\/wprentals-clean.luxuryww.com\/?property_city=buzios\">B\u00fazios<\/a><\/li><li><a href=\"https:\/\/wprentals-clean.luxuryww.com\/?property_city=buzios-rj\">Buzios - RJ<\/a><\/li><li><a href=\"https:\/\/wprentals-clean.luxuryww.com\/?property_city=cabo-frio-rj\">Cabo Frio - RJ<\/a><\/li><li><a href=\"https:\/\/wprentals-clean.luxuryww.com\/?property_city=camacari-ba\">Cama\u00e7ari - BA<\/a><\/li><li><a href=\"https:\/\/wprentals-clean.luxuryww.com\/?property_city=campos-do-jordao-sp\">Campos do Jord\u00e3o - SP<\/a><\/li><li><a href=\"https:\/\/wprentals-clean.luxuryww.com\/?property_city=capitolio\">Capit\u00f3lio<\/a><\/li><li><a href=\"https:\/\/wprentals-clean.luxuryww.com\/?property_city=capitolio-mg\">Capit\u00f3lio - MG<\/a><\/li><li><a href=\"https:\/\/wprentals-clean.luxuryww.com\/?property_city=caraiva\">Cara\u00edva<\/a><\/li><li><a href=\"https:\/\/wprentals-clean.luxuryww.com\/?property_city=caraiva-ba\">Cara\u00edva - BA<\/a><\/li><li><a href=\"https:\/\/wprentals-clean.luxuryww.com\/?property_city=courchevel-france\">Courchevel - France<\/a><\/li><li><a href=\"https:\/\/wprentals-clean.luxuryww.com\/?property_city=curuipe\">Curu\u00edpe<\/a><\/li><li><a href=\"https:\/\/wprentals-clean.luxuryww.com\/?property_city=florianopolis-sc\">Florian\u00f3polis - SC<\/a><\/li><li><a href=\"https:\/\/wprentals-clean.luxuryww.com\/?property_city=guajiru-ce\">Guajiru - CE<\/a><\/li><li><a href=\"https:\/\/wprentals-clean.luxuryww.com\/?property_city=guarapari-es\">Guarapari - ES<\/a><\/li><li><a href=\"https:\/\/wprentals-clean.luxuryww.com\/?property_city=guaruja-sp\">Guaruj\u00e1 - SP<\/a><\/li><li><a href=\"https:\/\/wprentals-clean.luxuryww.com\/?property_city=ibiza-spain\">Ibiza - Spain<\/a><\/li><li><a href=\"https:\/\/wprentals-clean.luxuryww.com\/?property_city=icarai-de-amontada-ce\">Icarai de Amontada - CE<\/a><\/li><li><a href=\"https:\/\/wprentals-clean.luxuryww.com\/?property_city=ilha-de-itaparica-ba\">Ilha de Itaparica - BA<\/a><\/li><li><a href=\"https:\/\/wprentals-clean.luxuryww.com\/?property_city=ilha-do-guajiru-ce\">Ilha do Guajir\u00fa - CE<\/a><\/li><li><a href=\"https:\/\/wprentals-clean.luxuryww.com\/?property_city=ilha-madre-de-deus-ba\">Ilha Madre de Deus - BA<\/a><\/li><li><a href=\"https:\/\/wprentals-clean.luxuryww.com\/?property_city=ilha-maria-guarda-ba\">Ilha Maria Guarda - BA<\/a><\/li><li><a href=\"https:\/\/wprentals-clean.luxuryww.com\/?property_city=ilhabela-sp\">Ilhabela - SP<\/a><\/li><li><a href=\"https:\/\/wprentals-clean.luxuryww.com\/?property_city=itaipava-rj\">Itaipava - RJ<\/a><\/li><li><a href=\"https:\/\/wprentals-clean.luxuryww.com\/?property_city=jericoacoara-ce\">Jericoacoara - CE<\/a><\/li><li><a href=\"https:\/\/wprentals-clean.luxuryww.com\/?property_city=las-terrenas-dominican-rep\">Las Terrenas - Dominican Rep.<\/a><\/li><li><a href=\"https:\/\/wprentals-clean.luxuryww.com\/?property_city=madrid-spain\">Madrid - Spain<\/a><\/li><li><a href=\"https:\/\/wprentals-clean.luxuryww.com\/?property_city=male\">Mal\u00e9<\/a><\/li><li><a href=\"https:\/\/wprentals-clean.luxuryww.com\/?property_city=mallorca-spain\">Mallorca - Spain<\/a><\/li><li><a href=\"https:\/\/wprentals-clean.luxuryww.com\/?property_city=mangaratiba-rj\">Mangaratiba - RJ<\/a><\/li><li><a href=\"https:\/\/wprentals-clean.luxuryww.com\/?property_city=marrakech-morocco\">Marrakech - Morocco<\/a><\/li><li><a href=\"https:\/\/wprentals-clean.luxuryww.com\/?property_city=mykonos-greece\">Mykonos - Greece<\/a><\/li><li><a href=\"https:\/\/wprentals-clean.luxuryww.com\/?property_city=nazare-paulista-sp\">Nazar\u00e9 Paulista - SP<\/a><\/li><li><a href=\"https:\/\/wprentals-clean.luxuryww.com\/?property_city=paraty-rj\">Paraty - RJ<\/a><\/li><li><a href=\"https:\/\/wprentals-clean.luxuryww.com\/?property_city=paris\">Paris<\/a><\/li><li><a href=\"https:\/\/wprentals-clean.luxuryww.com\/?property_city=paris-france\">Paris - France<\/a><\/li><li><a href=\"https:\/\/wprentals-clean.luxuryww.com\/?property_city=passo-de-camaragibe-al\">Passo de Camaragibe - AL<\/a><\/li><li><a href=\"https:\/\/wprentals-clean.luxuryww.com\/?property_city=pipa-rn\">Pipa - RN<\/a><\/li><li><a href=\"https:\/\/wprentals-clean.luxuryww.com\/?property_city=pirangi-al\">Pirangi - AL<\/a><\/li><li><a href=\"https:\/\/wprentals-clean.luxuryww.com\/?property_city=porto-seguro\">Porto Seguro<\/a><\/li><li><a href=\"https:\/\/wprentals-clean.luxuryww.com\/?property_city=praia-de-barequecaba-sp\">Praia de Bareque\u00e7aba - SP<\/a><\/li><li><a href=\"https:\/\/wprentals-clean.luxuryww.com\/?property_city=praia-de-barrinha-ce\">Praia de Barrinha - CE<\/a><\/li><li><a href=\"https:\/\/wprentals-clean.luxuryww.com\/?property_city=praia-de-guajiru-ce\">Praia de Guajiru - CE<\/a><\/li><li><a href=\"https:\/\/wprentals-clean.luxuryww.com\/?property_city=praia-do-engenho-sp\">Praia do Engenho - SP<\/a><\/li><li><a href=\"https:\/\/wprentals-clean.luxuryww.com\/?property_city=praia-do-espelho-ba\">Praia do Espelho - BA<\/a><\/li><li><a href=\"https:\/\/wprentals-clean.luxuryww.com\/?property_city=praia-do-forte-ba\">Praia do Forte - BA<\/a><\/li><li><a href=\"https:\/\/wprentals-clean.luxuryww.com\/?property_city=praia-grande-sp\">Praia Grande - SP<\/a><\/li><li><a href=\"https:\/\/wprentals-clean.luxuryww.com\/?property_city=prea-ce\">Pre\u00e1 - CE<\/a><\/li><li><a href=\"https:\/\/wprentals-clean.luxuryww.com\/?property_city=punta-cana-dominican-rep\">Punta Cana - Dominican Rep.<\/a><\/li><li><a href=\"https:\/\/wprentals-clean.luxuryww.com\/?property_city=punta-del-este-uruguay\">Punta del Este - Uruguay<\/a><\/li><li><a href=\"https:\/\/wprentals-clean.luxuryww.com\/?property_city=ramatuelle-france\">Ramatuelle - France<\/a><\/li><li><a href=\"https:\/\/wprentals-clean.luxuryww.com\/?property_city=redonda-ce\">Redonda - CE<\/a><\/li><li><a href=\"https:\/\/wprentals-clean.luxuryww.com\/?property_city=revelstoke-bc\">Revelstoke - BC<\/a><\/li><li><a href=\"https:\/\/wprentals-clean.luxuryww.com\/?property_city=revelstoke-canada\">Revelstoke - Canad\u00e1<\/a><\/li><li><a href=\"https:\/\/wprentals-clean.luxuryww.com\/?property_city=rio-de-janeiro-rj\">Rio de Janeiro - RJ<\/a><\/li><li><a href=\"https:\/\/wprentals-clean.luxuryww.com\/?property_city=rome-italy\">Rome - Italy<\/a><\/li><li><a href=\"https:\/\/wprentals-clean.luxuryww.com\/?property_city=saint-barthelemy\">Saint Barth\u00e9lemy<\/a><\/li><li><a href=\"https:\/\/wprentals-clean.luxuryww.com\/?property_city=salinas-grandes-argentina\">Salinas Grandes - Argentina<\/a><\/li><li><a href=\"https:\/\/wprentals-clean.luxuryww.com\/?property_city=salvador-ba\">Salvador - BA<\/a><\/li><li><a href=\"https:\/\/wprentals-clean.luxuryww.com\/?property_city=santos-sp\">Santos - SP<\/a><\/li><li><a href=\"https:\/\/wprentals-clean.luxuryww.com\/?property_city=sao-miguel-dos-milagres\">S\u00e3o Miguel dos Milagres<\/a><\/li><li><a href=\"https:\/\/wprentals-clean.luxuryww.com\/?property_city=sao-miguel-dos-milagres-al\">S\u00e3o Miguel dos Milagres - AL<\/a><\/li><li><a href=\"https:\/\/wprentals-clean.luxuryww.com\/?property_city=sao-paulo\">S\u00e3o Paulo<\/a><\/li><li><a href=\"https:\/\/wprentals-clean.luxuryww.com\/?property_city=sao-paulo-sp\">S\u00e3o Paulo - SP<\/a><\/li><li><a href=\"https:\/\/wprentals-clean.luxuryww.com\/?property_city=tibau-do-sul-rn\">Tibau do Sul - RN<\/a><\/li><li><a href=\"https:\/\/wprentals-clean.luxuryww.com\/?property_city=trairi-ce\">Trairi - CE<\/a><\/li><li><a href=\"https:\/\/wprentals-clean.luxuryww.com\/?property_city=trancoso\">Trancoso<\/a><\/li><li><a href=\"https:\/\/wprentals-clean.luxuryww.com\/?property_city=trancoso-ba\">Trancoso - BA<\/a><\/li><li><a href=\"https:\/\/wprentals-clean.luxuryww.com\/?property_city=urucuca\">Uru\u00e7uca<\/a><\/li><li><a href=\"https:\/\/wprentals-clean.luxuryww.com\/?property_city=urucuca-ba\">Uru\u00e7uca - BA<\/a><\/li><li><a href=\"https:\/\/wprentals-clean.luxuryww.com\/?property_city=vourvourou\">Vourvourou<\/a><\/li><li><a href=\"https:\/\/wprentals-clean.luxuryww.com\/?property_city=vourvourou-greece\">Vourvourou - Greece<\/a><\/li><\/ul>\t\t\t\t<\/div>\n\t\t\t\t<\/div>\n\t\t\t\t<\/div>\n\t\t<div class=\"elementor-element elementor-element-13d1cbb e-con-full e-flex e-con e-child\" data-id=\"13d1cbb\" data-element_type=\"container\" data-e-type=\"container\">\n\t\t\t\t<\/div>\n\t\t<div class=\"elementor-element elementor-element-c90a039 e-con-full e-flex e-con e-child\" data-id=\"c90a039\" data-element_type=\"container\" data-e-type=\"container\">\n\t\t\t\t<div class=\"elementor-element elementor-element-66b1035 elementor-widget elementor-widget-accordion\" data-id=\"66b1035\" data-element_type=\"widget\" data-e-type=\"widget\" data-widget_type=\"accordion.default\">\n\t\t\t\t\t\t\t<div class=\"elementor-accordion\">\n\t\t\t\t\t\t\t<div class=\"elementor-accordion-item\">\n\t\t\t\t\t<div id=\"elementor-tab-title-1071\" class=\"elementor-tab-title\" data-tab=\"1\" role=\"button\" aria-controls=\"elementor-tab-content-1071\" aria-expanded=\"false\">\n\t\t\t\t\t\t\t\t\t\t\t\t\t<span class=\"elementor-accordion-icon elementor-accordion-icon-right\" aria-hidden=\"true\">\n\t\t\t\t\t\t\t\t\t\t\t\t\t\t\t<span class=\"elementor-accordion-icon-closed\"><svg class=\"e-font-icon-svg e-fas-caret-down\" viewBox=\"0 0 320 512\" xmlns=\"http:\/\/www.w3.org\/2000\/svg\"><path d=\"M31.3 192h257.3c17.8 0 26.7 21.5 14.1 34.1L174.1 354.8c-7.8 7.8-20.5 7.8-28.3 0L17.2 226.1C4.6 213.5 13.5 192 31.3 192z\"><\/path><\/svg><\/span>\n\t\t\t\t\t\t\t\t<span class=\"elementor-accordion-icon-opened\"><svg class=\"e-font-icon-svg e-fas-caret-up\" viewBox=\"0 0 320 512\" xmlns=\"http:\/\/www.w3.org\/2000\/svg\"><path d=\"M288.662 352H31.338c-17.818 0-26.741-21.543-14.142-34.142l128.662-128.662c7.81-7.81 20.474-7.81 28.284 0l128.662 128.662c12.6 12.599 3.676 34.142-14.142 34.142z\"><\/path><\/svg><\/span>\n\t\t\t\t\t\t\t\t\t\t\t\t\t\t<\/span>\n\t\t\t\t\t\t\t\t\t\t\t\t<a class=\"elementor-accordion-title\" tabindex=\"0\">Can I do bookings instantly?<\/a>\n\t\t\t\t\t<\/div>\n\t\t\t\t\t<div id=\"elementor-tab-content-1071\" class=\"elementor-tab-content elementor-clearfix\" data-tab=\"1\" role=\"region\" aria-labelledby=\"elementor-tab-title-1071\"><p>We are working on allowing instant bookings on our website. For now you can Request to Book. We will gather the dates you wish to stay, the composition of your group, and will contact owners to receive the most updated proposal for your reservation request.<\/p><\/div>\n\t\t\t\t<\/div>\n\t\t\t\t\t\t\t<div class=\"elementor-accordion-item\">\n\t\t\t\t\t<div id=\"elementor-tab-title-1072\" class=\"elementor-tab-title\" data-tab=\"2\" role=\"button\" aria-controls=\"elementor-tab-content-1072\" aria-expanded=\"false\">\n\t\t\t\t\t\t\t\t\t\t\t\t\t<span class=\"elementor-accordion-icon elementor-accordion-icon-right\" aria-hidden=\"true\">\n\t\t\t\t\t\t\t\t\t\t\t\t\t\t\t<span class=\"elementor-accordion-icon-closed\"><svg class=\"e-font-icon-svg e-fas-caret-down\" viewBox=\"0 0 320 512\" xmlns=\"http:\/\/www.w3.org\/2000\/svg\"><path d=\"M31.3 192h257.3c17.8 0 26.7 21.5 14.1 34.1L174.1 354.8c-7.8 7.8-20.5 7.8-28.3 0L17.2 226.1C4.6 213.5 13.5 192 31.3 192z\"><\/path><\/svg><\/span>\n\t\t\t\t\t\t\t\t<span class=\"elementor-accordion-icon-opened\"><svg class=\"e-font-icon-svg e-fas-caret-up\" viewBox=\"0 0 320 512\" xmlns=\"http:\/\/www.w3.org\/2000\/svg\"><path d=\"M288.662 352H31.338c-17.818 0-26.741-21.543-14.142-34.142l128.662-128.662c7.81-7.81 20.474-7.81 28.284 0l128.662 128.662c12.6 12.599 3.676 34.142-14.142 34.142z\"><\/path><\/svg><\/span>\n\t\t\t\t\t\t\t\t\t\t\t\t\t\t<\/span>\n\t\t\t\t\t\t\t\t\t\t\t\t<a class=\"elementor-accordion-title\" tabindex=\"0\">How do I cancel a booking?<\/a>\n\t\t\t\t\t<\/div>\n\t\t\t\t\t<div id=\"elementor-tab-content-1072\" class=\"elementor-tab-content elementor-clearfix\" data-tab=\"2\" role=\"region\" aria-labelledby=\"elementor-tab-title-1072\"><p>Each listing has its own Cancellation Policy specifying if you would get any reimbursements in case of a cancellation at a give point after you confirmed your booking. This will be clearly informed to you in the rental contract. Payments are non refundable and cancellation policies are established according to the date in which you must pay the balance.<\/p><p>You would cancel by sending an email requesting us to do so or by not paying the balance when it&#8217;s due. We kindly ask you to inform if\/when you need to cancel a booking immediately. We may be able to give you credits for the amount paid if we are able to rent the house on the same dates.<\/p><\/div>\n\t\t\t\t<\/div>\n\t\t\t\t\t\t\t<div class=\"elementor-accordion-item\">\n\t\t\t\t\t<div id=\"elementor-tab-title-1073\" class=\"elementor-tab-title\" data-tab=\"3\" role=\"button\" aria-controls=\"elementor-tab-content-1073\" aria-expanded=\"false\">\n\t\t\t\t\t\t\t\t\t\t\t\t\t<span class=\"elementor-accordion-icon elementor-accordion-icon-right\" aria-hidden=\"true\">\n\t\t\t\t\t\t\t\t\t\t\t\t\t\t\t<span class=\"elementor-accordion-icon-closed\"><svg class=\"e-font-icon-svg e-fas-caret-down\" viewBox=\"0 0 320 512\" xmlns=\"http:\/\/www.w3.org\/2000\/svg\"><path d=\"M31.3 192h257.3c17.8 0 26.7 21.5 14.1 34.1L174.1 354.8c-7.8 7.8-20.5 7.8-28.3 0L17.2 226.1C4.6 213.5 13.5 192 31.3 192z\"><\/path><\/svg><\/span>\n\t\t\t\t\t\t\t\t<span class=\"elementor-accordion-icon-opened\"><svg class=\"e-font-icon-svg e-fas-caret-up\" viewBox=\"0 0 320 512\" xmlns=\"http:\/\/www.w3.org\/2000\/svg\"><path d=\"M288.662 352H31.338c-17.818 0-26.741-21.543-14.142-34.142l128.662-128.662c7.81-7.81 20.474-7.81 28.284 0l128.662 128.662c12.6 12.599 3.676 34.142-14.142 34.142z\"><\/path><\/svg><\/span>\n\t\t\t\t\t\t\t\t\t\t\t\t\t\t<\/span>\n\t\t\t\t\t\t\t\t\t\t\t\t<a class=\"elementor-accordion-title\" tabindex=\"0\">How can I contact you?<\/a>\n\t\t\t\t\t<\/div>\n\t\t\t\t\t<div id=\"elementor-tab-content-1073\" class=\"elementor-tab-content elementor-clearfix\" data-tab=\"3\" role=\"region\" aria-labelledby=\"elementor-tab-title-1073\"><p>You can use our Contact page in this website, also through the phone number +55 1197060-9720, which also offers whatsapp at <a href=\"https:\/\/wa.me\/+5511970609720\">wa.me\/+5511970609720<\/a>.<\/p><\/div>\n\t\t\t\t<\/div>\n\t\t\t\t\t\t\t<div class=\"elementor-accordion-item\">\n\t\t\t\t\t<div id=\"elementor-tab-title-1074\" class=\"elementor-tab-title\" data-tab=\"4\" role=\"button\" aria-controls=\"elementor-tab-content-1074\" aria-expanded=\"false\">\n\t\t\t\t\t\t\t\t\t\t\t\t\t<span class=\"elementor-accordion-icon elementor-accordion-icon-right\" aria-hidden=\"true\">\n\t\t\t\t\t\t\t\t\t\t\t\t\t\t\t<span class=\"elementor-accordion-icon-closed\"><svg class=\"e-font-icon-svg e-fas-caret-down\" viewBox=\"0 0 320 512\" xmlns=\"http:\/\/www.w3.org\/2000\/svg\"><path d=\"M31.3 192h257.3c17.8 0 26.7 21.5 14.1 34.1L174.1 354.8c-7.8 7.8-20.5 7.8-28.3 0L17.2 226.1C4.6 213.5 13.5 192 31.3 192z\"><\/path><\/svg><\/span>\n\t\t\t\t\t\t\t\t<span class=\"elementor-accordion-icon-opened\"><svg class=\"e-font-icon-svg e-fas-caret-up\" viewBox=\"0 0 320 512\" xmlns=\"http:\/\/www.w3.org\/2000\/svg\"><path d=\"M288.662 352H31.338c-17.818 0-26.741-21.543-14.142-34.142l128.662-128.662c7.81-7.81 20.474-7.81 28.284 0l128.662 128.662c12.6 12.599 3.676 34.142-14.142 34.142z\"><\/path><\/svg><\/span>\n\t\t\t\t\t\t\t\t\t\t\t\t\t\t<\/span>\n\t\t\t\t\t\t\t\t\t\t\t\t<a class=\"elementor-accordion-title\" tabindex=\"0\">Do you offer pick-up and drop-off?<\/a>\n\t\t\t\t\t<\/div>\n\t\t\t\t\t<div id=\"elementor-tab-content-1074\" class=\"elementor-tab-content elementor-clearfix\" data-tab=\"4\" role=\"region\" aria-labelledby=\"elementor-tab-title-1074\"><p>Yes, we do offer transportation services in jets, helicopters, executive cars, vans and buses, apart from many others services such as Yachts\/boats, horseback rides, massages, cooks, barmen, waiters, and more!\u00a0\u00a0<\/p><\/div>\n\t\t\t\t<\/div>\n\t\t\t\t\t\t\t<div class=\"elementor-accordion-item\">\n\t\t\t\t\t<div id=\"elementor-tab-title-1075\" class=\"elementor-tab-title\" data-tab=\"5\" role=\"button\" aria-controls=\"elementor-tab-content-1075\" aria-expanded=\"false\">\n\t\t\t\t\t\t\t\t\t\t\t\t\t<span class=\"elementor-accordion-icon elementor-accordion-icon-right\" aria-hidden=\"true\">\n\t\t\t\t\t\t\t\t\t\t\t\t\t\t\t<span class=\"elementor-accordion-icon-closed\"><svg class=\"e-font-icon-svg e-fas-caret-down\" viewBox=\"0 0 320 512\" xmlns=\"http:\/\/www.w3.org\/2000\/svg\"><path d=\"M31.3 192h257.3c17.8 0 26.7 21.5 14.1 34.1L174.1 354.8c-7.8 7.8-20.5 7.8-28.3 0L17.2 226.1C4.6 213.5 13.5 192 31.3 192z\"><\/path><\/svg><\/span>\n\t\t\t\t\t\t\t\t<span class=\"elementor-accordion-icon-opened\"><svg class=\"e-font-icon-svg e-fas-caret-up\" viewBox=\"0 0 320 512\" xmlns=\"http:\/\/www.w3.org\/2000\/svg\"><path d=\"M288.662 352H31.338c-17.818 0-26.741-21.543-14.142-34.142l128.662-128.662c7.81-7.81 20.474-7.81 28.284 0l128.662 128.662c12.6 12.599 3.676 34.142-14.142 34.142z\"><\/path><\/svg><\/span>\n\t\t\t\t\t\t\t\t\t\t\t\t\t\t<\/span>\n\t\t\t\t\t\t\t\t\t\t\t\t<a class=\"elementor-accordion-title\" tabindex=\"0\">How can I pay?<\/a>\n\t\t\t\t\t<\/div>\n\t\t\t\t\t<div id=\"elementor-tab-content-1075\" class=\"elementor-tab-content elementor-clearfix\" data-tab=\"5\" role=\"region\" aria-labelledby=\"elementor-tab-title-1075\"><p>You can confirm your booking by wire transfer. Sometimes owners from specific countries require that funds enter their national bank accounts, and we are able to assist you in doing this by using smart services such as Wise, Xoom, and others.<\/p><\/div>\n\t\t\t\t<\/div>\n\t\t\t\t\t\t\t\t<\/div>\n\t\t\t\t\t\t<\/div>\n\t\t\t\t<div class=\"elementor-element elementor-element-ec45883 elementor-widget__width-inherit elementor-widget-mobile__width-inherit elementor-widget elementor-widget-heading\" data-id=\"ec45883\" data-element_type=\"widget\" data-e-type=\"widget\" data-widget_type=\"heading.default\">\n\t\t\t\t\t<h2 class=\"elementor-heading-title elementor-size-default\">Rentals <\/h2>\t\t\t\t<\/div>\n\t\t\t\t<\/div>\n\t\t<div class=\"elementor-element elementor-element-3df800e e-con-full e-flex e-con e-child\" data-id=\"3df800e\" data-element_type=\"container\" data-e-type=\"container\">\n\t\t\t\t<\/div>\n\t\t\t\t\t<\/div>\n\t\t\t\t<\/div>\n\t\t<div class=\"elementor-element elementor-element-751bab6 e-flex e-con-boxed e-con e-parent\" data-id=\"751bab6\" data-element_type=\"container\" data-e-type=\"container\" data-settings=\"{&quot;background_background&quot;:&quot;classic&quot;}\">\n\t\t\t\t\t<div class=\"e-con-inner\">\n\t\t\t\t\t<\/div>\n\t\t\t\t<\/div>\n\t\t\t\t<\/div>\n\t\t","protected":false},"excerpt":{"rendered":"<p>WE CAN ANSWER ALL YOUR QUESTIONS Frequently Asked Questions NEED SOME HELP OR WANT TO CHAT? info@luxuryww.com +1 (505) 800-4122 OUR LISTINGS Alto Para\u00edso &#8211; GO Angra dos Reis Angra dos Reis &#8211; RJ Arraial d&#8217;Ajuda &#8211; BA Barra de S\u00e3o Miguel- AL Barrinhas &#8211; CE B\u00fazios Buzios &#8211; RJ Cabo Frio &#8211; RJ Cama\u00e7ari &#8230;<\/p>\n","protected":false},"author":0,"featured_media":0,"parent":0,"menu_order":0,"comment_status":"closed","ping_status":"closed","template":"elementor_header_footer","meta":{"inline_featured_image":false,"footnotes":""},"class_list":["post-37312","page","type-page","status-publish","hentry"],"_links":{"self":[{"href":"https:\/\/wprentals-clean.luxuryww.com\/index.php?rest_route=\/wp\/v2\/pages\/37312","targetHints":{"allow":["GET"]}}],"collection":[{"href":"https:\/\/wprentals-clean.luxuryww.com\/index.php?rest_route=\/wp\/v2\/pages"}],"about":[{"href":"https:\/\/wprentals-clean.luxuryww.com\/index.php?rest_route=\/wp\/v2\/types\/page"}],"replies":[{"embeddable":true,"href":"https:\/\/wprentals-clean.luxuryww.com\/index.php?rest_route=%2Fwp%2Fv2%2Fcomments&post=37312"}],"version-history":[{"count":0,"href":"https:\/\/wprentals-clean.luxuryww.com\/index.php?rest_route=\/wp\/v2\/pages\/37312\/revisions"}],"wp:attachment":[{"href":"https:\/\/wprentals-clean.luxuryww.com\/index.php?rest_route=%2Fwp%2Fv2%2Fmedia&parent=37312"}],"curies":[{"name":"wp","href":"https:\/\/api.w.org\/{rel}","templated":true}]}}